{"id":2803,"date":"2023-05-18T10:53:51","date_gmt":"2023-05-18T16:53:51","guid":{"rendered":"http:\/\/www.cristosoft.com\/?page_id=2803"},"modified":"2023-09-20T15:33:18","modified_gmt":"2023-09-20T21:33:18","slug":"real-state","status":"publish","type":"page","link":"https:\/\/vallesol.com\/es\/real-state\/","title":{"rendered":"Residencial"},"content":{"rendered":"<div data-elementor-type=\"wp-page\" data-elementor-id=\"2803\" class=\"elementor elementor-2803\" data-elementor-post-type=\"page\">\n\t\t\t\t\t\t<section class=\"elementor-section elementor-top-section elementor-element elementor-element-2530645 elementor-section-boxed elementor-section-height-default elementor-section-height-default\" data-id=\"2530645\" data-element_type=\"section\" data-e-type=\"section\">\n\t\t\t\t\t\t<div class=\"elementor-container elementor-column-gap-default\">\n\t\t\t\t\t<div class=\"elementor-column elementor-col-50 elementor-top-column elementor-element elementor-element-9ad1a74\" data-id=\"9ad1a74\" data-element_type=\"column\" data-e-type=\"column\">\n\t\t\t<div class=\"elementor-widget-wrap elementor-element-populated\">\n\t\t\t\t\t\t<div class=\"elementor-element elementor-element-ff831e7 elementor-widget elementor-widget-image\" data-id=\"ff831e7\" data-element_type=\"widget\" data-e-type=\"widget\" data-widget_type=\"image.default\">\n\t\t\t\t<div class=\"elementor-widget-container\">\n\t\t\t\t\t\t\t\t\t\t\t\t\t\t\t<img fetchpriority=\"high\" decoding=\"async\" width=\"640\" height=\"961\" src=\"https:\/\/vallesol.com\/wp-content\/uploads\/2023\/05\/RealState1.jpg\" class=\"attachment-large size-large wp-image-2805\" alt=\"\" srcset=\"https:\/\/vallesol.com\/wp-content\/uploads\/2023\/05\/RealState1.jpg 682w, https:\/\/vallesol.com\/wp-content\/uploads\/2023\/05\/RealState1-200x300.jpg 200w, https:\/\/vallesol.com\/wp-content\/uploads\/2023\/05\/RealState1-8x12.jpg 8w\" sizes=\"(max-width: 640px) 100vw, 640px\" \/>\t\t\t\t\t\t\t\t\t\t\t\t\t\t\t<\/div>\n\t\t\t\t<\/div>\n\t\t\t\t\t<\/div>\n\t\t<\/div>\n\t\t\t\t<div class=\"elementor-column elementor-col-50 elementor-top-column elementor-element elementor-element-b5bb871\" data-id=\"b5bb871\" data-element_type=\"column\" data-e-type=\"column\">\n\t\t\t<div class=\"elementor-widget-wrap elementor-element-populated\">\n\t\t\t\t\t\t<div class=\"elementor-element elementor-element-58b2c37 elementor-widget elementor-widget-heading\" data-id=\"58b2c37\" data-element_type=\"widget\" data-e-type=\"widget\" data-widget_type=\"heading.default\">\n\t\t\t\t<div class=\"elementor-widget-container\">\n\t\t\t\t\t<h2 class=\"elementor-heading-title elementor-size-default\">La m\u00e1s alta calidad de vida en un entorno natural<\/h2>\t\t\t\t<\/div>\n\t\t\t\t<\/div>\n\t\t\t\t<div class=\"elementor-element elementor-element-207ac26 elementor-widget elementor-widget-text-editor\" data-id=\"207ac26\" data-element_type=\"widget\" data-e-type=\"widget\" data-widget_type=\"text-editor.default\">\n\t\t\t\t<div class=\"elementor-widget-container\">\n\t\t\t\t\t\t\t\t\t<p>En medio de \u00e1reas verdes con espectaculares vistas panor\u00e1micas de las monta\u00f1as y una reserva natural, Parque Valle del Sol cuenta con m\u00e1s de 475 lotes, ubicados alrededor de un campo de golf de campeonato de 18 hoyos y ofrece una amplia variedad de servicios de recreaci\u00f3n para toda la familia, y mejora de la salud a trav\u00e9s de la pr\u00e1ctica de deportes al aire libre.<\/p><p>A solo unos minutos del centro de San Jos\u00e9 y con todos los servicios a su alcance, Parque Valle del Sol se encuentra en el valle de Santa Ana, la zona con mayor valor y crecimiento del pa\u00eds. El estilo y la calidad de vida que ofrece la comunidad residencial, junto con sus otros atributos, hacen que la compra de terrenos para construir una casa sea una excelente inversi\u00f3n.<\/p><p><b>Tal lugar existe.<\/b><\/p>\t\t\t\t\t\t\t\t<\/div>\n\t\t\t\t<\/div>\n\t\t\t\t\t<\/div>\n\t\t<\/div>\n\t\t\t\t\t<\/div>\n\t\t<\/section>\n\t\t\t\t<section class=\"elementor-section elementor-top-section elementor-element elementor-element-0cad96d elementor-section-boxed elementor-section-height-default elementor-section-height-default\" data-id=\"0cad96d\" data-element_type=\"section\" data-e-type=\"section\">\n\t\t\t\t\t\t<div class=\"elementor-container elementor-column-gap-default\">\n\t\t\t\t\t<div class=\"elementor-column elementor-col-50 elementor-top-column elementor-element elementor-element-8f09dab\" data-id=\"8f09dab\" data-element_type=\"column\" data-e-type=\"column\">\n\t\t\t<div class=\"elementor-widget-wrap elementor-element-populated\">\n\t\t\t\t\t\t<div class=\"elementor-element elementor-element-3e20ad7 elementor-widget elementor-widget-text-editor\" data-id=\"3e20ad7\" data-element_type=\"widget\" data-e-type=\"widget\" data-widget_type=\"text-editor.default\">\n\t\t\t\t<div class=\"elementor-widget-container\">\n\t\t\t\t\t\t\t\t\t<b>Su hogar permanente<\/b>\n<ul>\n \t<li>Ubicaci\u00f3n y clima excepcional.<\/li>\n \t<li>Amplios bulevares, calles y zonas verdes.<\/li>\n \t<li>Variety of land with views of the golf course, forests and mountains.<\/li>\n \t<li>Planos de terreno desde 600 hasta m\u00e1s de 2.000 m\u00b2.<\/li>\n \t<li>Normativa de construcci\u00f3n residencial.<\/li>\n \t<li>Baja densidad y uso del suelo puramente residencial.<\/li>\n \t<li>Cobertura m\u00e1xima de edificaci\u00f3n al 50% del terreno.<\/li>\n \t<li>Pozo con un tanque de medio mill\u00f3n de galones con capacidad total para satisfacer la demanda de agua potable para todas las residencias.<\/li>\n \t<li>Planta de tratamiento de aguas residuales.<\/li>\n \t<li>Comunidad administrada por la Asociaci\u00f3n de Propietarios.<\/li>\n \t<li>Sistema de recolecci\u00f3n de basura y programa de reciclaje.<\/li>\n \t<li>Guardias de seguridad interna las 24 horas y sistema de CCTV monitoreados permanentemente.<\/li>\n \t<li>Un muro perimetral que est\u00e1 bordeado por dos ca\u00f1ones naturales formados por los r\u00edos Uruca y Virilla.<\/li>\n<\/ul>\t\t\t\t\t\t\t\t<\/div>\n\t\t\t\t<\/div>\n\t\t\t\t\t<\/div>\n\t\t<\/div>\n\t\t\t\t<div class=\"elementor-column elementor-col-50 elementor-top-column elementor-element elementor-element-cfe787a\" data-id=\"cfe787a\" data-element_type=\"column\" data-e-type=\"column\">\n\t\t\t<div class=\"elementor-widget-wrap elementor-element-populated\">\n\t\t\t\t\t\t<div class=\"elementor-element elementor-element-b5d002b elementor-widget elementor-widget-image\" data-id=\"b5d002b\" data-element_type=\"widget\" data-e-type=\"widget\" data-widget_type=\"image.default\">\n\t\t\t\t<div class=\"elementor-widget-container\">\n\t\t\t\t\t\t\t\t\t\t\t\t\t\t\t<img decoding=\"async\" width=\"640\" height=\"426\" src=\"https:\/\/vallesol.com\/wp-content\/uploads\/2023\/05\/RealState2.jpg\" class=\"attachment-large size-large wp-image-2810\" alt=\"\" srcset=\"https:\/\/vallesol.com\/wp-content\/uploads\/2023\/05\/RealState2.jpg 1024w, https:\/\/vallesol.com\/wp-content\/uploads\/2023\/05\/RealState2-300x200.jpg 300w, https:\/\/vallesol.com\/wp-content\/uploads\/2023\/05\/RealState2-768x512.jpg 768w, https:\/\/vallesol.com\/wp-content\/uploads\/2023\/05\/RealState2-18x12.jpg 18w\" sizes=\"(max-width: 640px) 100vw, 640px\" \/>\t\t\t\t\t\t\t\t\t\t\t\t\t\t\t<\/div>\n\t\t\t\t<\/div>\n\t\t\t\t\t<\/div>\n\t\t<\/div>\n\t\t\t\t\t<\/div>\n\t\t<\/section>\n\t\t\t\t<section class=\"elementor-section elementor-top-section elementor-element elementor-element-f2b8422 elementor-section-boxed elementor-section-height-default elementor-section-height-default\" data-id=\"f2b8422\" data-element_type=\"section\" data-e-type=\"section\">\n\t\t\t\t\t\t<div class=\"elementor-container elementor-column-gap-default\">\n\t\t\t\t\t<div class=\"elementor-column elementor-col-50 elementor-top-column elementor-element elementor-element-2611a23\" data-id=\"2611a23\" data-element_type=\"column\" data-e-type=\"column\">\n\t\t\t<div class=\"elementor-widget-wrap elementor-element-populated\">\n\t\t\t\t\t\t<div class=\"elementor-element elementor-element-4f22fde elementor-widget elementor-widget-image\" data-id=\"4f22fde\" data-element_type=\"widget\" data-e-type=\"widget\" data-widget_type=\"image.default\">\n\t\t\t\t<div class=\"elementor-widget-container\">\n\t\t\t\t\t\t\t\t\t\t\t\t\t\t\t<img decoding=\"async\" width=\"640\" height=\"409\" src=\"https:\/\/vallesol.com\/wp-content\/uploads\/2023\/05\/GoldLand.jpg\" class=\"attachment-large size-large wp-image-2812\" alt=\"\" srcset=\"https:\/\/vallesol.com\/wp-content\/uploads\/2023\/05\/GoldLand.jpg 1024w, https:\/\/vallesol.com\/wp-content\/uploads\/2023\/05\/GoldLand-300x192.jpg 300w, https:\/\/vallesol.com\/wp-content\/uploads\/2023\/05\/GoldLand-768x491.jpg 768w, https:\/\/vallesol.com\/wp-content\/uploads\/2023\/05\/GoldLand-18x12.jpg 18w\" sizes=\"(max-width: 640px) 100vw, 640px\" \/>\t\t\t\t\t\t\t\t\t\t\t\t\t\t\t<\/div>\n\t\t\t\t<\/div>\n\t\t\t\t\t<\/div>\n\t\t<\/div>\n\t\t\t\t<div class=\"elementor-column elementor-col-50 elementor-top-column elementor-element elementor-element-a405535\" data-id=\"a405535\" data-element_type=\"column\" data-e-type=\"column\">\n\t\t\t<div class=\"elementor-widget-wrap elementor-element-populated\">\n\t\t\t\t\t\t<div class=\"elementor-element elementor-element-c17c5c5 elementor-widget elementor-widget-text-editor\" data-id=\"c17c5c5\" data-element_type=\"widget\" data-e-type=\"widget\" data-widget_type=\"text-editor.default\">\n\t\t\t\t<div class=\"elementor-widget-container\">\n\t\t\t\t\t\t\t\t\t<p>Tener el golf a sus pies es incomparable<\/p><ul><li>Campo de golf profesional de 18 hoyos<\/li><li>Driving range and putting green<\/li><li>8 canchas de tenis al aire libre y 2 bajo techo e iluminadas<\/li><li>Academias de Golf y Tenis<\/li><li>Tienda Golf Profesional<\/li><li>Cafeter\u00eda<\/li><li><span style=\"background-color: var(--bs-body-bg); color: var(--bs-body-color); font-family: var(--font-primary); font-size: var(--bs-body-font-size); font-weight: var(--bs-body-font-weight); text-align: var(--bs-body-text-align);\">\u00a0Parques infantiles<\/span><\/li><\/ul><div>\u00a0<\/div>\t\t\t\t\t\t\t\t<\/div>\n\t\t\t\t<\/div>\n\t\t\t\t\t<\/div>\n\t\t<\/div>\n\t\t\t\t\t<\/div>\n\t\t<\/section>\n\t\t\t\t<section class=\"elementor-section elementor-top-section elementor-element elementor-element-a248c22 elementor-section-boxed elementor-section-height-default elementor-section-height-default\" data-id=\"a248c22\" data-element_type=\"section\" data-e-type=\"section\">\n\t\t\t\t\t\t<div class=\"elementor-container elementor-column-gap-default\">\n\t\t\t\t\t<div class=\"elementor-column elementor-col-100 elementor-top-column elementor-element elementor-element-ec8c92c\" data-id=\"ec8c92c\" data-element_type=\"column\" data-e-type=\"column\">\n\t\t\t<div class=\"elementor-widget-wrap elementor-element-populated\">\n\t\t\t\t\t\t<div class=\"elementor-element elementor-element-75cd47c elementor-widget elementor-widget-image\" data-id=\"75cd47c\" data-element_type=\"widget\" data-e-type=\"widget\" data-widget_type=\"image.default\">\n\t\t\t\t<div class=\"elementor-widget-container\">\n\t\t\t\t\t\t\t\t\t\t\t\t\t\t\t<img loading=\"lazy\" decoding=\"async\" width=\"1536\" height=\"609\" src=\"https:\/\/vallesol.com\/wp-content\/uploads\/2023\/05\/VistaCG1-1536x609.jpg\" class=\"attachment-1536x1536 size-1536x1536 wp-image-2817\" alt=\"\" srcset=\"https:\/\/vallesol.com\/wp-content\/uploads\/2023\/05\/VistaCG1-1536x609.jpg 1536w, https:\/\/vallesol.com\/wp-content\/uploads\/2023\/05\/VistaCG1-300x119.jpg 300w, https:\/\/vallesol.com\/wp-content\/uploads\/2023\/05\/VistaCG1-1024x406.jpg 1024w, https:\/\/vallesol.com\/wp-content\/uploads\/2023\/05\/VistaCG1-768x305.jpg 768w, https:\/\/vallesol.com\/wp-content\/uploads\/2023\/05\/VistaCG1-18x7.jpg 18w, https:\/\/vallesol.com\/wp-content\/uploads\/2023\/05\/VistaCG1.jpg 2000w\" sizes=\"(max-width: 1536px) 100vw, 1536px\" \/>\t\t\t\t\t\t\t\t\t\t\t\t\t\t\t<\/div>\n\t\t\t\t<\/div>\n\t\t\t\t<div class=\"elementor-element elementor-element-274bf32 elementor-widget elementor-widget-heading\" data-id=\"274bf32\" data-element_type=\"widget\" data-e-type=\"widget\" data-widget_type=\"heading.default\">\n\t\t\t\t<div class=\"elementor-widget-container\">\n\t\t\t\t\t<h2 class=\"elementor-heading-title elementor-size-default\">Zonificaci\u00f3n<\/h2>\t\t\t\t<\/div>\n\t\t\t\t<\/div>\n\t\t\t\t<div class=\"elementor-element elementor-element-1aba1a0 elementor-widget elementor-widget-text-editor\" data-id=\"1aba1a0\" data-element_type=\"widget\" data-e-type=\"widget\" data-widget_type=\"text-editor.default\">\n\t\t\t\t<div class=\"elementor-widget-container\">\n\t\t\t\t\t\t\t\t\t<p><b>Parque Valle del Sol se divide en zonas conocidas como:<\/b><\/p><p><b>Boulevard Del Sol<\/b>, la primera etapa del residencial con amplios y hermosos bulevares.<\/p><p><b>Altos Del Sol<\/b>, con la m\u00e1s moderna infraestructura el\u00e9ctrica, con televisi\u00f3n por cable confiable y tel\u00e9fono subterr\u00e1neos.\u00a0<\/p><p><b>Puesta del Sol<\/b>, la mejor zona para apreciar los atardeceres, bordea el ca\u00f1\u00f3n natural formado por el r\u00edo Virilla.<\/p><p><b>Bosques del Sol<\/b>, zona de abundante naturaleza que colinda con el ca\u00f1\u00f3n del r\u00edo Uruca.<\/p><p><b>Reserva Especial<\/b>, zona privilegiada, ubicada dentro del campo de golf.<\/p><p><b>Vistas del Sol<\/b>, zone with incredible views of the mountains.<\/p><p><b>Altos del Golf<\/b>,\u00a0 It is a Condominium inserted in Parque Valle del Sol, modern and elegant consisting of 45 lots, there are still lots available for sale, which have underground wiring.<\/p>\t\t\t\t\t\t\t\t<\/div>\n\t\t\t\t<\/div>\n\t\t\t\t<div class=\"elementor-element elementor-element-51f87e3 elementor-widget elementor-widget-heading\" data-id=\"51f87e3\" data-element_type=\"widget\" data-e-type=\"widget\" data-widget_type=\"heading.default\">\n\t\t\t\t<div class=\"elementor-widget-container\">\n\t\t\t\t\t<h2 class=\"elementor-heading-title elementor-size-default\">Baja densidad<\/h2>\t\t\t\t<\/div>\n\t\t\t\t<\/div>\n\t\t\t\t<div class=\"elementor-element elementor-element-847e7ed elementor-widget elementor-widget-text-editor\" data-id=\"847e7ed\" data-element_type=\"widget\" data-e-type=\"widget\" data-widget_type=\"text-editor.default\">\n\t\t\t\t<div class=\"elementor-widget-container\">\n\t\t\t\t\t\t\t\t\t<p>El \u00e1rea total del residencial y de golf es de 137 hect\u00e1reas, que bajo el Plan Regulador de la ciudad de Santa Ana es una de las zonas de m\u00e1s baja densidad del cant\u00f3n. Parque Valle del Sol se compone de lotes residenciales y del proyecto Altos de Golf, que en total abarcan solo un 32% del \u00e1rea total del Parque, lo que se traduce en una densidad habitacional muy baja, para el disfrute de sus habitantes de amplias zonas verdes. Adem\u00e1s, las \u00e1reas de recreaci\u00f3n como el campo de golf y las canchas de tenis se ubican en un espacioso terreno arborizado de 61 hect\u00e1reas. Gracias a las Normas de Construcci\u00f3n del residencial, la cobertura de construcci\u00f3n m\u00e1xima para cada lote residencial es de un 50%, lo que garantiza que cada casa construida disfrute de grandes jardines.<\/p>\t\t\t\t\t\t\t\t<\/div>\n\t\t\t\t<\/div>\n\t\t\t\t<div class=\"elementor-element elementor-element-f4c83c1 elementor-widget elementor-widget-heading\" data-id=\"f4c83c1\" data-element_type=\"widget\" data-e-type=\"widget\" data-widget_type=\"heading.default\">\n\t\t\t\t<div class=\"elementor-widget-container\">\n\t\t\t\t\t<h2 class=\"elementor-heading-title elementor-size-default\">Valorizaci\u00f3n inmobiliaria garantizada<\/h2>\t\t\t\t<\/div>\n\t\t\t\t<\/div>\n\t\t\t\t<div class=\"elementor-element elementor-element-ef0d5dd elementor-widget elementor-widget-text-editor\" data-id=\"ef0d5dd\" data-element_type=\"widget\" data-e-type=\"widget\" data-widget_type=\"text-editor.default\">\n\t\t\t\t<div class=\"elementor-widget-container\">\n\t\t\t\t\t\t\t\t\t<p>The more than 350 families who have already acquired a lot or have built their home in Parque Valle del Sol, are the true protagonists of all these benefits and beyond, of the valuation that their properties have acquired in a few years. The valuation in dollars that has been given in Parque Valle del Sol is extraordinary and is characteristic of some few residential in the world, where quality ingredients are combined, together with the experience and solidity of a thriving real estate group. Since its launch, the dollar prices per square meter of the lots sold have presented a significant valuation, irrefutably proving that investing in a tangible asset, such as a lot in Parque Valle del Sol, is the best financial return decision that a family can make in their life.<\/p><p>Lo invitamos a que usted tambi\u00e9n disfrute de estos privilegios y haga de este a\u00f1o de Parque Valle del Sol, su direcci\u00f3n definitiva para residir en el valle central.<\/p><p>Llame a nuestra oficina. Tenemos lotes espectaculares disponibles adyacentes al campo de golf y otros \u00fanicos en diferentes zonas residenciales, con \u00e1reas de 897 a 1925 metros cuadrados unifamiliares y condominales desde 2100 a 5200 metros cuadrados.<\/p>\t\t\t\t\t\t\t\t<\/div>\n\t\t\t\t<\/div>\n\t\t\t\t\t<\/div>\n\t\t<\/div>\n\t\t\t\t\t<\/div>\n\t\t<\/section>\n\t\t\t\t<section class=\"elementor-section elementor-top-section elementor-element elementor-element-fb89ca2 elementor-section-boxed elementor-section-height-default elementor-section-height-default\" data-id=\"fb89ca2\" data-element_type=\"section\" data-e-type=\"section\">\n\t\t\t\t\t\t<div class=\"elementor-container elementor-column-gap-default\">\n\t\t\t\t\t<div class=\"elementor-column elementor-col-50 elementor-top-column elementor-element elementor-element-f76dd00\" data-id=\"f76dd00\" data-element_type=\"column\" data-e-type=\"column\">\n\t\t\t<div class=\"elementor-widget-wrap elementor-element-populated\">\n\t\t\t\t\t\t<div class=\"elementor-element elementor-element-b0317b9 elementor-widget elementor-widget-video\" data-id=\"b0317b9\" data-element_type=\"widget\" data-e-type=\"widget\" data-settings=\"{&quot;video_type&quot;:&quot;hosted&quot;,&quot;controls&quot;:&quot;yes&quot;}\" data-widget_type=\"video.default\">\n\t\t\t\t<div class=\"elementor-widget-container\">\n\t\t\t\t\t\t\t<div class=\"e-hosted-video elementor-wrapper elementor-open-inline\">\n\t\t\t\t\t<video class=\"elementor-video\" src=\"https:\/\/vallesol.com\/wp-content\/uploads\/2023\/06\/PVSGC.mp4\" controls=\"\" preload=\"metadata\" controlslist=\"nodownload\"><\/video>\n\t\t\t\t<\/div>\n\t\t\t\t\t\t<\/div>\n\t\t\t\t<\/div>\n\t\t\t\t\t<\/div>\n\t\t<\/div>\n\t\t\t\t<div class=\"elementor-column elementor-col-50 elementor-top-column elementor-element elementor-element-00e83dc\" data-id=\"00e83dc\" data-element_type=\"column\" data-e-type=\"column\">\n\t\t\t<div class=\"elementor-widget-wrap elementor-element-populated\">\n\t\t\t\t\t\t<div class=\"elementor-element elementor-element-3240e72 elementor-headline--style-highlight elementor-widget elementor-widget-animated-headline\" data-id=\"3240e72\" data-element_type=\"widget\" data-e-type=\"widget\" data-settings=\"{&quot;marker&quot;:&quot;curly&quot;,&quot;highlighted_text&quot;:&quot;Amazing Space&quot;,&quot;headline_style&quot;:&quot;highlight&quot;,&quot;loop&quot;:&quot;yes&quot;,&quot;highlight_animation_duration&quot;:1200,&quot;highlight_iteration_delay&quot;:8000}\" data-widget_type=\"animated-headline.default\">\n\t\t\t\t<div class=\"elementor-widget-container\">\n\t\t\t\t\t\t\t<h3 class=\"elementor-headline\">\n\t\t\t\t\t<span class=\"elementor-headline-plain-text elementor-headline-text-wrapper\">\u00danete a nuestra exclusiva comunidad y descubre el<\/span>\n\t\t\t\t<span class=\"elementor-headline-dynamic-wrapper elementor-headline-text-wrapper\">\n\t\t\t\t\t<span class=\"elementor-headline-dynamic-text elementor-headline-text-active\">Incre\u00edble Espacio<\/span>\n\t\t\t\t<\/span>\n\t\t\t\t\t<span class=\"elementor-headline-plain-text elementor-headline-text-wrapper\">que tenemos para usted.<\/span>\n\t\t\t\t\t<\/h3>\n\t\t\t\t\t\t<\/div>\n\t\t\t\t<\/div>\n\t\t\t\t\t<\/div>\n\t\t<\/div>\n\t\t\t\t\t<\/div>\n\t\t<\/section>\n\t\t\t\t<\/div>","protected":false},"excerpt":{"rendered":"<p>The highest quality of life in natural surroundings In the midst of green areas with spectacular panoramic views of the mountains and a nature preserve, Parque Valle del Sol has more than 475 lots, located around an 18 hole championship golf course and offers a wide variety of services for recreation for the whole family, [&hellip;]<\/p>\n","protected":false},"author":1,"featured_media":0,"parent":0,"menu_order":0,"comment_status":"closed","ping_status":"closed","template":"","meta":{"_coblocks_attr":"","_coblocks_dimensions":"","_coblocks_responsive_height":"","_coblocks_accordion_ie_support":"","pgc_sgb_lightbox_settings":"","footnotes":""},"class_list":["post-2803","page","type-page","status-publish","hentry"],"_links":{"self":[{"href":"https:\/\/vallesol.com\/es\/wp-json\/wp\/v2\/pages\/2803","targetHints":{"allow":["GET"]}}],"collection":[{"href":"https:\/\/vallesol.com\/es\/wp-json\/wp\/v2\/pages"}],"about":[{"href":"https:\/\/vallesol.com\/es\/wp-json\/wp\/v2\/types\/page"}],"author":[{"embeddable":true,"href":"https:\/\/vallesol.com\/es\/wp-json\/wp\/v2\/users\/1"}],"replies":[{"embeddable":true,"href":"https:\/\/vallesol.com\/es\/wp-json\/wp\/v2\/comments?post=2803"}],"version-history":[{"count":0,"href":"https:\/\/vallesol.com\/es\/wp-json\/wp\/v2\/pages\/2803\/revisions"}],"wp:attachment":[{"href":"https:\/\/vallesol.com\/es\/wp-json\/wp\/v2\/media?parent=2803"}],"curies":[{"name":"wp","href":"https:\/\/api.w.org\/{rel}","templated":true}]}}