{"id":2839,"date":"2023-05-18T12:06:25","date_gmt":"2023-05-18T18:06:25","guid":{"rendered":"http:\/\/www.cristosoft.com\/?page_id=2839"},"modified":"2023-06-14T16:36:25","modified_gmt":"2023-06-14T22:36:25","slug":"altos-del-golf","status":"publish","type":"page","link":"https:\/\/vallesol.com\/es\/altos-del-golf\/","title":{"rendered":"Altos del Golf"},"content":{"rendered":"<div data-elementor-type=\"wp-page\" data-elementor-id=\"2839\" class=\"elementor elementor-2839\" data-elementor-post-type=\"page\">\n\t\t\t\t\t\t<section class=\"elementor-section elementor-top-section elementor-element elementor-element-4ace9fa elementor-section-boxed elementor-section-height-default elementor-section-height-default\" data-id=\"4ace9fa\" data-element_type=\"section\" data-e-type=\"section\">\n\t\t\t\t\t\t<div class=\"elementor-container elementor-column-gap-default\">\n\t\t\t\t\t<div class=\"elementor-column elementor-col-100 elementor-top-column elementor-element elementor-element-4d017de\" data-id=\"4d017de\" data-element_type=\"column\" data-e-type=\"column\">\n\t\t\t<div class=\"elementor-widget-wrap elementor-element-populated\">\n\t\t\t\t\t\t<div class=\"elementor-element elementor-element-c58836b elementor-widget elementor-widget-image\" data-id=\"c58836b\" data-element_type=\"widget\" data-e-type=\"widget\" data-widget_type=\"image.default\">\n\t\t\t\t<div class=\"elementor-widget-container\">\n\t\t\t\t\t\t\t\t\t\t\t\t\t\t\t<img decoding=\"async\" src=\"https:\/\/vallesol.com\/wp-content\/uploads\/elementor\/thumbs\/altos1-q6n5hbrykpl6bvqwjqgjauj955kp4ezcnl1ybcj820.jpg\" title=\"altos1\" alt=\"altos1\" loading=\"lazy\" \/>\t\t\t\t\t\t\t\t\t\t\t\t\t\t\t<\/div>\n\t\t\t\t<\/div>\n\t\t\t\t\t<\/div>\n\t\t<\/div>\n\t\t\t\t\t<\/div>\n\t\t<\/section>\n\t\t\t\t<section class=\"elementor-section elementor-top-section elementor-element elementor-element-0de1b03 elementor-section-boxed elementor-section-height-default elementor-section-height-default\" data-id=\"0de1b03\" data-element_type=\"section\" data-e-type=\"section\">\n\t\t\t\t\t\t<div class=\"elementor-container elementor-column-gap-default\">\n\t\t\t\t\t<div class=\"elementor-column elementor-col-100 elementor-top-column elementor-element elementor-element-606b44b\" data-id=\"606b44b\" data-element_type=\"column\" data-e-type=\"column\">\n\t\t\t<div class=\"elementor-widget-wrap elementor-element-populated\">\n\t\t\t\t\t\t<div class=\"elementor-element elementor-element-98f7cd8 elementor-widget elementor-widget-text-editor\" data-id=\"98f7cd8\" data-element_type=\"widget\" data-e-type=\"widget\" data-widget_type=\"text-editor.default\">\n\t\t\t\t<div class=\"elementor-widget-container\">\n\t\t\t\t\t\t\t\t\tPensamos en un lugar donde vivir en perfecto balance con el medio ambiente, imaginamos que tuviera las comodidades del estilo de vida moderno y so\u00f1amos con el mejor campo de golf a pasos de nuestro hogar.  Un lugar as\u00ed existe, se llama Altos del Golf.<\/br> En un \u00e1rea de 5.6 ha dentro de Parque Valle del Sol se ubica el condominio Altos del Golf, con 45 lotes de m\u00e1s de 800 m\u00b2 cada uno.  Concebido como un eco-cl\u00faster, ofrece un exquisito dise\u00f1o con la firma de la reconocida empresa de paisajismo Green Plan, afiliada a Z\u00fcrcher Arquitectos.<\/br>\n\nDesde el p\u00f3rtico de la entrada, que recibir\u00e1 a sus habitantes y visitantes con imponentes p\u00e9rgolas floreadas, Altos del Golf ofrecer\u00e1 amplios espacios de descanso y convivencia, como parques y senderos que recorren todo el proyecto. <\/br>En Altos del Golf, los perfumes que desprender\u00e1n los \u00e1rboles y las flores transformar\u00e1n el simple acto de respirar en algo inexplicable.   La vista al Campo de Golf es placentera y seductora, poniendo el golf a sus pies.   El exquisito dise\u00f1o urban\u00edstico compuesto de calles internas y rotondas con diferentes patrones de adoquines de cemento, le dan un especial atractivo a las v\u00edas de circulaci\u00f3n.  Los mejores servicios de iluminaci\u00f3n, electricidad y servicios de telefon\u00eda, red e internet estar\u00e1n a la disposici\u00f3n de cada propietario de terreno.\t\t\t\t\t\t\t\t<\/div>\n\t\t\t\t<\/div>\n\t\t\t\t\t<\/div>\n\t\t<\/div>\n\t\t\t\t\t<\/div>\n\t\t<\/section>\n\t\t\t\t<section class=\"elementor-section elementor-top-section elementor-element elementor-element-ff600b0 elementor-section-boxed elementor-section-height-default elementor-section-height-default\" data-id=\"ff600b0\" data-element_type=\"section\" data-e-type=\"section\">\n\t\t\t\t\t\t<div class=\"elementor-container elementor-column-gap-default\">\n\t\t\t\t\t<div class=\"elementor-column elementor-col-100 elementor-top-column elementor-element elementor-element-e346aec\" data-id=\"e346aec\" data-element_type=\"column\" data-e-type=\"column\">\n\t\t\t<div class=\"elementor-widget-wrap elementor-element-populated\">\n\t\t\t\t\t\t<div class=\"elementor-element elementor-element-3aad8b5 elementor-widget elementor-widget-heading\" data-id=\"3aad8b5\" data-element_type=\"widget\" data-e-type=\"widget\" data-widget_type=\"heading.default\">\n\t\t\t\t<div class=\"elementor-widget-container\">\n\t\t\t\t\t<h2 class=\"elementor-heading-title elementor-size-default\">Comunidad<\/h2>\t\t\t\t<\/div>\n\t\t\t\t<\/div>\n\t\t\t\t<div class=\"elementor-element elementor-element-9dfa43e elementor-widget elementor-widget-text-editor\" data-id=\"9dfa43e\" data-element_type=\"widget\" data-e-type=\"widget\" data-widget_type=\"text-editor.default\">\n\t\t\t\t<div class=\"elementor-widget-container\">\n\t\t\t\t\t\t\t\t\t<p><b>The impact of a sustainable community<\/b><br \/>Desde sus inicios, Parque Valle del Sol ha sido un ejemplo de una comunidad comprometida con la conservaci\u00f3n del medio ambiente.<br \/>En Altos del Golf, los esfuerzos para conservar el agua son bastante evidentes. En cada parque y sendero habr\u00e1 sistemas de riego instalados, que minimizar\u00e1n autom\u00e1ticamente el consumo de agua. El sistema de riego se alimenta de los lagos en el campo de golf y la selecci\u00f3n de plantas ornamentales plantadas en los parques y senderos son en su mayor\u00eda variedades resistentes al verano. En Altos del Golf, las pr\u00e1cticas verdes como la separaci\u00f3n de residuos y el reciclaje son obligatorias. Por la misma raz\u00f3n, cada lote tendr\u00e1 \u00e1reas seleccionadas para el tratamiento adecuado de los residuos durante el proceso de construcci\u00f3n; Cada propietario deber\u00e1 reciclar los residuos.<br \/>Para promover la conciencia ambiental, tendremos una campa\u00f1a para promover parques de \u00e1rboles y sugerir a cada propietario plantar en su tierra un m\u00ednimo de 3 \u00e1rboles. Al mismo tiempo, sugeriremos que cada hogar tenga sistemas solares para ayudar al medio ambiente.<\/p>\t\t\t\t\t\t\t\t<\/div>\n\t\t\t\t<\/div>\n\t\t\t\t<div class=\"elementor-element elementor-element-5603e41 elementor-widget elementor-widget-heading\" data-id=\"5603e41\" data-element_type=\"widget\" data-e-type=\"widget\" data-widget_type=\"heading.default\">\n\t\t\t\t<div class=\"elementor-widget-container\">\n\t\t\t\t\t<h2 class=\"elementor-heading-title elementor-size-default\">Paisaje<\/h2>\t\t\t\t<\/div>\n\t\t\t\t<\/div>\n\t\t\t\t<div class=\"elementor-element elementor-element-6440468 elementor-widget elementor-widget-text-editor\" data-id=\"6440468\" data-element_type=\"widget\" data-e-type=\"widget\" data-widget_type=\"text-editor.default\">\n\t\t\t\t<div class=\"elementor-widget-container\">\n\t\t\t\t\t\t\t\t\t<b>\"Las palabras que usamos para describir este lugar no hacen justicia a lo que ves con tus propios ojos\".<\/b><\/br><\/br>\n\n\nEl arbusto oficial de Altos del Golf, la Dama Brasile\u00f1a de la Noche, con sus peque\u00f1as flores blancas y su perfume inconfundible, se apoderan del ambiente el cual abrumar\u00e1 sus sentidos, creando una sensaci\u00f3n \u00fanica. Los \u00e1rboles frutales y los bebederos atraer\u00e1n hermosas mariposas y colibr\u00edes, que se pueden observar desde los bancos ubicados en las \u00e1reas de descanso. Los ni\u00f1os podr\u00e1n disfrutar de las \u00e1reas de juegos, mientras que los adultos podr\u00e1n contemplar bajo las p\u00e9rgolas, los grandes macizos de plantas y flores que decoran a cada uno de los jardines de los parques, tanto de d\u00eda y como de noche. A lo largo de los frondosos senderos que recorren todo el proyecto, se encontrar\u00e1n islas para la pr\u00e1ctica de ejercicios de estiramiento bajo una adecuada se\u00f1alizaci\u00f3n.\t\t\t\t\t\t\t\t<\/div>\n\t\t\t\t<\/div>\n\t\t\t\t<div class=\"elementor-element elementor-element-344c87a elementor-headline--style-highlight elementor-widget elementor-widget-animated-headline\" data-id=\"344c87a\" data-element_type=\"widget\" data-e-type=\"widget\" data-settings=\"{&quot;marker&quot;:&quot;underline_zigzag&quot;,&quot;highlighted_text&quot;:&quot;Altos del Golf&quot;,&quot;headline_style&quot;:&quot;highlight&quot;,&quot;loop&quot;:&quot;yes&quot;,&quot;highlight_animation_duration&quot;:1200,&quot;highlight_iteration_delay&quot;:8000}\" data-widget_type=\"animated-headline.default\">\n\t\t\t\t<div class=\"elementor-widget-container\">\n\t\t\t\t\t\t\t<h3 class=\"elementor-headline\">\n\t\t\t\t\t<span class=\"elementor-headline-plain-text elementor-headline-text-wrapper\">\"Este es un lugar donde los sue\u00f1os y la realidad coexisten,<\/span>\n\t\t\t\t<span class=\"elementor-headline-dynamic-wrapper elementor-headline-text-wrapper\">\n\t\t\t\t\t<span class=\"elementor-headline-dynamic-text elementor-headline-text-active\">Altos del Golf<\/span>\n\t\t\t\t<\/span>\n\t\t\t\t\t<span class=\"elementor-headline-plain-text elementor-headline-text-wrapper\">desaf\u00eda tus sentidos\".<\/span>\n\t\t\t\t\t<\/h3>\n\t\t\t\t\t\t<\/div>\n\t\t\t\t<\/div>\n\t\t\t\t\t<\/div>\n\t\t<\/div>\n\t\t\t\t\t<\/div>\n\t\t<\/section>\n\t\t\t\t<\/div>","protected":false},"excerpt":{"rendered":"<p>We thought of a place to live in perfect balance with the environment, we imagined that it had the comforts of the modern lifestyle and we dreamed of the best golf course steps from our home. Such a place exists, it is called Altos del Golf. In an area of 5.6 ha within Parque Valle [&hellip;]<\/p>\n","protected":false},"author":1,"featured_media":0,"parent":0,"menu_order":0,"comment_status":"closed","ping_status":"closed","template":"","meta":{"_coblocks_attr":"","_coblocks_dimensions":"","_coblocks_responsive_height":"","_coblocks_accordion_ie_support":"","pgc_sgb_lightbox_settings":"","footnotes":""},"class_list":["post-2839","page","type-page","status-publish","hentry"],"_links":{"self":[{"href":"https:\/\/vallesol.com\/es\/wp-json\/wp\/v2\/pages\/2839","targetHints":{"allow":["GET"]}}],"collection":[{"href":"https:\/\/vallesol.com\/es\/wp-json\/wp\/v2\/pages"}],"about":[{"href":"https:\/\/vallesol.com\/es\/wp-json\/wp\/v2\/types\/page"}],"author":[{"embeddable":true,"href":"https:\/\/vallesol.com\/es\/wp-json\/wp\/v2\/users\/1"}],"replies":[{"embeddable":true,"href":"https:\/\/vallesol.com\/es\/wp-json\/wp\/v2\/comments?post=2839"}],"version-history":[{"count":0,"href":"https:\/\/vallesol.com\/es\/wp-json\/wp\/v2\/pages\/2839\/revisions"}],"wp:attachment":[{"href":"https:\/\/vallesol.com\/es\/wp-json\/wp\/v2\/media?parent=2839"}],"curies":[{"name":"wp","href":"https:\/\/api.w.org\/{rel}","templated":true}]}}