{"id":34,"date":"2023-01-17T08:15:45","date_gmt":"2023-01-17T08:15:45","guid":{"rendered":"http:\/\/www.cristosoft.com\/?page_id=34"},"modified":"2024-10-13T07:05:15","modified_gmt":"2024-10-13T13:05:15","slug":"about-style-one","status":"publish","type":"page","link":"https:\/\/vallesol.com\/es\/about-style-one\/","title":{"rendered":"Nuestro Estilo de Vida"},"content":{"rendered":"<div data-elementor-type=\"wp-page\" data-elementor-id=\"34\" class=\"elementor elementor-34\" data-elementor-post-type=\"page\">\n\t\t\t\t\t\t<section class=\"elementor-section elementor-top-section elementor-element elementor-element-b7629b1 elementor-section-full_width elementor-section-height-default elementor-section-height-default\" data-id=\"b7629b1\" data-element_type=\"section\" data-e-type=\"section\">\n\t\t\t\t\t\t<div class=\"elementor-container elementor-column-gap-no\">\n\t\t\t\t\t<div class=\"elementor-column elementor-col-100 elementor-top-column elementor-element elementor-element-00fe37b\" data-id=\"00fe37b\" data-element_type=\"column\" data-e-type=\"column\">\n\t\t\t<div class=\"elementor-widget-wrap elementor-element-populated\">\n\t\t\t\t\t\t<div class=\"elementor-element elementor-element-de9f918 elementor-widget elementor-widget-about-us\" data-id=\"de9f918\" data-element_type=\"widget\" data-e-type=\"widget\" data-widget_type=\"about-us.default\">\n\t\t\t\t<div class=\"elementor-widget-container\">\n\t\t\t\t\t\r\n        <!-- About Button Link -->\r\n                \r\n        \r\n            \r\n                <!-- Start About Us Area -->\r\n                <section class=\"about-style-one pt-20\">\r\n                    <div class=\"\">\r\n                        <div class=\"row clearfix align-items-center\">\r\n                            <div class=\"full-col col-lg-4 col-md-12 col-sm-12 content-column\">\r\n                                <div class=\"content_block_5\" data-aos=\"fade-up\"\r\n                                data-aos-duration=\"1200\">\r\n                                    <div class=\"content-box\">\r\n                                        <div class=\"sec-title\">\r\n                                            <span>Bienvenido a Parque Valle del Sol<\/span>\r\n                                            <h2>Un lugar donde los sue\u00f1os y la realidad coinciden<\/h2>\r\n                                            <div class=\"title-shape\"><\/div>\r\n                                        <\/div>\r\n                                        <div class=\"text\">\r\n                                            <p><h4>El proyecto comenz\u00f3 en 1992<\/h4>\n<p>Concebido como un proyecto residencial con campo de golf, viviendas y zonas de ocio.\nEnfocado en el desarrollo de una Comunidad Planificada, con proyectos basados en valores y atributos agregados, tales como:<\/p>\n\n<ul class=\"list clearfix\">\n<li><i class=\"bx bx-diamond\"><\/i>Calidad de vida<\/li>\n<li><i class=\"bx bx-diamond\"><\/i>Organizaci\u00f3n e integraci\u00f3n comunitaria<\/li>\n<li><i class=\"bx bx-diamond\"><\/i>Conservaci\u00f3n y educaci\u00f3n ambiental<\/li>\n<li><i class=\"bx bx-diamond\"><\/i>Seguridad<\/li>\n<li><i class=\"bx bx-diamond\"><\/i>Infraestructura \u00fanica<\/li>\n<li><i class=\"bx bx-diamond\"><\/i>Confort y amenidades<\/li>\n<li><i class=\"bx bx-diamond\"><\/i>Garant\u00eda de inversi\u00f3n<\/li>\n<li><i class=\"bx bx-diamond\"><\/i>El compromiso de los desarrolladores con el modelo<\/li>\n<\/ul><\/p>\r\n                                        <\/div>\r\n                                        <!-- Button Part Start --> \r\n                                                                                    <a href=\"https:\/\/vallesol.com\/es\/about-us\/\"   class=\"default-btn\">M\u00e1s sobre nosotros<\/a>\r\n                                                                                <!-- Button Part End -->\r\n                                    <\/div>\r\n                                <\/div>\r\n                            <\/div>\r\n                            <div class=\"full-col col-lg-4 col-md-6 col-sm-12 image-column\">\r\n                                <figure class=\"image-box\" data-aos=\"fade-up\"\r\n                                data-aos-duration=\"1600\">\r\n                                                                            <img decoding=\"async\" src=\"https:\/\/vallesol.com\/wp-content\/uploads\/2023\/04\/TS-13_2.jpg\" alt=\"Image\">\r\n                                                                    <\/figure>\r\n                            <\/div>\r\n                            <div class=\"full-col col-lg-4 col-md-6 col-sm-12 inner-column\">\r\n                                <div class=\"feature-block-one\" data-aos=\"fade-up\"\r\n                                data-aos-duration=\"2000\">\r\n                                    <div class=\"inner-box\">\r\n                                        <figure class=\"image\">\r\n                                                                                            <img decoding=\"async\" src=\"https:\/\/vallesol.com\/wp-content\/uploads\/2023\/05\/RealState7.jpeg\" alt=\"Image\">\r\n                                                                                    <\/figure>\r\n                                        <div class=\"text\">\r\n                                            <h4>Residencial<\/h4>\r\n                                        <\/div>\r\n                                        <div class=\"overlay-content\">\r\n                                            <h4>Residencial<\/h4>\r\n                                            <p>Residents benefit some of the very best schools, business centers, and shopping centers, as well as several restaurants and entertainment options nearby. Juan Santamaria international airport is just a 15-minute drive from the community.<\/p>\r\n                                        <\/div>\r\n                                    <\/div>\r\n                                <\/div>\r\n                                <div class=\"feature-block-one\" data-aos=\"fade-up\"\r\n                                data-aos-duration=\"2400\">\r\n                                    <div class=\"inner-box\">\r\n                                        <figure class=\"image\">\r\n                                                                                            <img decoding=\"async\" src=\"https:\/\/vallesol.com\/wp-content\/uploads\/2023\/04\/Gcouse1.jpg\" alt=\"Image\">\r\n                                                                                    <\/figure>\r\n                                        <div class=\"text\">\r\n                                            <h4>Golf Course<\/h4>\r\n                                        <\/div>\r\n                                        <div class=\"overlay-content\">\r\n                                            <h4>Golf Course<\/h4>\r\n                                            <p>Impresionantes greens y calles conforman el exquisito campo de golf de campeonato de 18 hoyos. Con 6,945 yardas, es un PAR 72 y una fusi\u00f3n inspiradora de desaf\u00edo y belleza.<\/p>\r\n                                        <\/div>\r\n                                    <\/div>\r\n                                <\/div>\r\n                            <\/div>\r\n                        <\/div>\r\n                    <\/div>\r\n                <\/section>\r\n                <!-- End About Us Area  -->\r\n\r\n            \r\n                \r\n         \r\n            <!-- START COUNTER AREA -->\r\n            <section class=\"counter-area pb-20\">\r\n                <div class=\"\">\r\n                    <div class=\"row\">\r\n                                                    <div data-aos=\"fade-up\" data-aos-duration=\"1200\" class=\"full-col col-lg-3 col-sm-6\">\r\n                                <div class=\"single-counter\">\r\n                                                                            <i class=\"bx bx-user-circle\"><\/i>\r\n                                                                        <h2>\r\n                                        <span class=\"odometer\" data-count=\"340\">00<\/span> \r\n                                        <span class=\"target\">+<\/span>\r\n                                    <\/h2>\r\n                                    <p>Miembros de Golf<\/p>\r\n                                <\/div>\r\n                            <\/div>\r\n                                                    <div data-aos=\"fade-up\" data-aos-duration=\"1200\" class=\"full-col col-lg-3 col-sm-6\">\r\n                                <div class=\"single-counter\">\r\n                                                                            <i class=\"bx bx-check-circle\"><\/i>\r\n                                                                        <h2>\r\n                                        <span class=\"odometer\" data-count=\"350\">00<\/span> \r\n                                        <span class=\"target\">+<\/span>\r\n                                    <\/h2>\r\n                                    <p>Propiedades Inmobiliarias Vendidas<\/p>\r\n                                <\/div>\r\n                            <\/div>\r\n                                            <\/div>\r\n                <\/div>\r\n            <\/section>\r\n            <!-- END COUNTER AREA -->\r\n        \r\n        \r\n        \t\t\t\t<\/div>\n\t\t\t\t<\/div>\n\t\t\t\t\t<\/div>\n\t\t<\/div>\n\t\t\t\t\t<\/div>\n\t\t<\/section>\n\t\t\t\t<section class=\"elementor-section elementor-top-section elementor-element elementor-element-377e8a7 elementor-section-full_width elementor-section-height-default elementor-section-height-default\" data-id=\"377e8a7\" data-element_type=\"section\" data-e-type=\"section\">\n\t\t\t\t\t\t<div class=\"elementor-container elementor-column-gap-no\">\n\t\t\t\t\t<div class=\"elementor-column elementor-col-100 elementor-top-column elementor-element elementor-element-7953c68\" data-id=\"7953c68\" data-element_type=\"column\" data-e-type=\"column\">\n\t\t\t<div class=\"elementor-widget-wrap elementor-element-populated\">\n\t\t\t\t\t\t<div class=\"elementor-element elementor-element-a1b0bce elementor-widget elementor-widget-testimonial\" data-id=\"a1b0bce\" data-element_type=\"widget\" data-e-type=\"widget\" data-widget_type=\"testimonial.default\">\n\t\t\t\t<div class=\"elementor-widget-container\">\n\t\t\t\t\t\r\n            <!-- START TESTIMONIAL AREA -->\r\n    \t    <section class=\"feedback-area pt-20 pb-40\">\r\n\t            <div class=\"container-fluid\">\r\n\t                <div class=\"section-title\">\r\n\t                \t<span class=\"top-title\">Testimonial<\/span>\r\n\t                    <h2>Clientes satisfechos<\/h2>\r\n\t                    <p>\u00bfEst\u00e1s buscando el lugar ideal para construir tu casa so\u00f1ada? \u00bfQuieres vivir en una zona tranquila, segura y rodeada de naturaleza? Entonces, no busques m\u00e1s y ven a conocer nuestros lotes en Pozos, San Jos\u00e9. Tenemos lotes de diferentes tama\u00f1os y precios, todos con acceso a servicios b\u00e1sicos y una excelente ubicaci\u00f3n.<\/p>\r\n\t                <\/div>\r\n\t            \t<div class=\"row align-items-center\">\r\n\t            \t\t<div class=\"full-col col-lg-8 col-md-12\">\r\n\t\t                \t\t\t                        <div class=\"feedback-content\" data-aos=\"fade-up\" data-aos-duration=\"1600\">\r\n\t\t                            <div class=\"rating\">\r\n\t\t                                <i class='bx bxs-star'><\/i>\r\n\t\t                                <i class='bx bxs-star'><\/i>\r\n\t\t                                <i class='bx bxs-star'><\/i>\r\n\t\t                                <i class='bx bxs-star'><\/i>\r\n\t\t                                <i class='bx bxs-star'><\/i>\r\n\t\t                            <\/div>\r\n\t\t                            <p>Nuestros clientes est\u00e1n muy satisfechos con la compra de nuestros lotes, ya que han encontrado el espacio perfecto para su proyecto de vida. No te pierdas esta oportunidad y cont\u00e1ctanos hoy mismo para m\u00e1s informaci\u00f3n. Te garantizamos que no te arrepentir\u00e1s de vivir en nuestra comunidad.<\/p>\r\n\t\t                            <div class=\"client-info d-flex align-items-center\">\r\n\t\t                                \t\t\t                                <img decoding=\"async\" src=\"https:\/\/vallesol.com\/wp-content\/uploads\/2023\/03\/FaviIconPVS.png\" alt=\"image\">\r\n\t\t                                \t\t                                <div class=\"title\">\r\n\t\t                                    <h3><\/h3>\r\n\t\t                                    <span><\/span>\r\n\t\t                                <\/div>\r\n\t\t                            <\/div>\r\n\t\t                        <\/div>\t\t\t       \r\n\t\t                    \t                    <\/div>\r\n\t                    <div class=\"full-col col-lg-4 col-md-12\">\r\n\t                        <div class=\"feedback-image\" data-aos=\"fade-up\"\r\n\t                        data-aos-duration=\"2000\">\r\n\t                            \t                                <img decoding=\"async\" src=\"https:\/\/vallesol.com\/wp-content\/uploads\/2024\/10\/WhiteSquare.png\" alt=\"image\">\r\n                                \t                        <\/div>\r\n\t                    <\/div>\t\t\t               \r\n\t                <\/div>\r\n\t            <\/div>\r\n            <\/section>\r\n\t        <!-- End TESTIMONIAL AREA -->\r\n\r\n\t    \t\t\t\t<\/div>\n\t\t\t\t<\/div>\n\t\t\t\t\t<\/div>\n\t\t<\/div>\n\t\t\t\t\t<\/div>\n\t\t<\/section>\n\t\t\t\t<\/div>","protected":false},"excerpt":{"rendered":"<p>Welcome to Parque Valle del Sol A place where dreams and reality coincide The Project began in 1992 Conceived as a residential project with a golf course, housing, and leisure areas. Focused on the development of a Planned Community, with projects based on added values and attributes, such as: Quality of life Community organization and [&hellip;]<\/p>\n","protected":false},"author":1,"featured_media":0,"parent":0,"menu_order":0,"comment_status":"closed","ping_status":"closed","template":"","meta":{"_coblocks_attr":"","_coblocks_dimensions":"","_coblocks_responsive_height":"","_coblocks_accordion_ie_support":"","pgc_sgb_lightbox_settings":"","footnotes":""},"class_list":["post-34","page","type-page","status-publish","hentry"],"_links":{"self":[{"href":"https:\/\/vallesol.com\/es\/wp-json\/wp\/v2\/pages\/34","targetHints":{"allow":["GET"]}}],"collection":[{"href":"https:\/\/vallesol.com\/es\/wp-json\/wp\/v2\/pages"}],"about":[{"href":"https:\/\/vallesol.com\/es\/wp-json\/wp\/v2\/types\/page"}],"author":[{"embeddable":true,"href":"https:\/\/vallesol.com\/es\/wp-json\/wp\/v2\/users\/1"}],"replies":[{"embeddable":true,"href":"https:\/\/vallesol.com\/es\/wp-json\/wp\/v2\/comments?post=34"}],"version-history":[{"count":0,"href":"https:\/\/vallesol.com\/es\/wp-json\/wp\/v2\/pages\/34\/revisions"}],"wp:attachment":[{"href":"https:\/\/vallesol.com\/es\/wp-json\/wp\/v2\/media?parent=34"}],"curies":[{"name":"wp","href":"https:\/\/api.w.org\/{rel}","templated":true}]}}